{"id":2613,"date":"2024-03-21T10:55:41","date_gmt":"2024-03-21T13:55:41","guid":{"rendered":"https:\/\/siavs.com.br\/?page_id=2613"},"modified":"2025-05-26T14:38:52","modified_gmt":"2025-05-26T17:38:52","slug":"local","status":"publish","type":"page","link":"https:\/\/siavs.com.br\/en\/local\/","title":{"rendered":"Location"},"content":{"rendered":"\t\t<div data-elementor-type=\"wp-page\" data-elementor-id=\"2613\" class=\"elementor elementor-2613\" data-elementor-post-type=\"page\">\n\t\t\t\t<main class=\"elementor-element elementor-element-5ddea2e e-con-full e-flex e-con e-parent\" data-id=\"5ddea2e\" data-element_type=\"container\">\n\t\t<header class=\"elementor-element elementor-element-c6c7e41 e-flex e-con-boxed e-con e-child\" data-id=\"c6c7e41\" data-element_type=\"container\" data-settings=\"{&quot;background_background&quot;:&quot;classic&quot;}\">\n\t\t\t\t\t<div class=\"e-con-inner\">\n\t\t<div class=\"elementor-element elementor-element-f7a2efc e-con-full e-flex e-con e-child\" data-id=\"f7a2efc\" data-element_type=\"container\">\n\t\t\t\t<div class=\"elementor-element elementor-element-363f0c6 elementor-widget elementor-widget-jet-listing-dynamic-link\" data-id=\"363f0c6\" data-element_type=\"widget\" data-widget_type=\"jet-listing-dynamic-link.default\">\n\t\t\t\t<div class=\"elementor-widget-container\">\n\t\t\t<div class=\"jet-listing jet-listing-dynamic-link\"><a href=\"https:\/\/siavs.com.br\" class=\"jet-listing-dynamic-link__link\"><i class=\"jet-listing-dynamic-link__icon icon icon-left-arrows\" aria-hidden=\"true\"><\/i><span class=\"jet-listing-dynamic-link__label\">Voltar ao in\u00edcio<\/span><\/a><\/div>\t\t<\/div>\n\t\t\t\t<\/div>\n\t\t\t\t<div class=\"elementor-element elementor-element-a51669d elementor-widget-divider--view-line elementor-widget elementor-widget-divider\" data-id=\"a51669d\" data-element_type=\"widget\" data-widget_type=\"divider.default\">\n\t\t\t\t<div class=\"elementor-widget-container\">\n\t\t\t<style>\/*! elementor - v3.21.0 - 15-04-2024 *\/\n.elementor-widget-divider{--divider-border-style:none;--divider-border-width:1px;--divider-color:#0c0d0e;--divider-icon-size:20px;--divider-element-spacing:10px;--divider-pattern-height:24px;--divider-pattern-size:20px;--divider-pattern-url:none;--divider-pattern-repeat:repeat-x}.elementor-widget-divider .elementor-divider{display:flex}.elementor-widget-divider .elementor-divider__text{font-size:15px;line-height:1;max-width:95%}.elementor-widget-divider .elementor-divider__element{margin:0 var(--divider-element-spacing);flex-shrink:0}.elementor-widget-divider .elementor-icon{font-size:var(--divider-icon-size)}.elementor-widget-divider .elementor-divider-separator{display:flex;margin:0;direction:ltr}.elementor-widget-divider--view-line_icon .elementor-divider-separator,.elementor-widget-divider--view-line_text .elementor-divider-separator{align-items:center}.elementor-widget-divider--view-line_icon .elementor-divider-separator:after,.elementor-widget-divider--view-line_icon .elementor-divider-separator:before,.elementor-widget-divider--view-line_text .elementor-divider-separator:after,.elementor-widget-divider--view-line_text .elementor-divider-separator:before{display:block;content:\"\";border-block-end:0;flex-grow:1;border-block-start:var(--divider-border-width) var(--divider-border-style) var(--divider-color)}.elementor-widget-divider--element-align-left .elementor-divider .elementor-divider-separator>.elementor-divider__svg:first-of-type{flex-grow:0;flex-shrink:100}.elementor-widget-divider--element-align-left .elementor-divider-separator:before{content:none}.elementor-widget-divider--element-align-left .elementor-divider__element{margin-left:0}.elementor-widget-divider--element-align-right .elementor-divider .elementor-divider-separator>.elementor-divider__svg:last-of-type{flex-grow:0;flex-shrink:100}.elementor-widget-divider--element-align-right .elementor-divider-separator:after{content:none}.elementor-widget-divider--element-align-right .elementor-divider__element{margin-right:0}.elementor-widget-divider--element-align-start .elementor-divider .elementor-divider-separator>.elementor-divider__svg:first-of-type{flex-grow:0;flex-shrink:100}.elementor-widget-divider--element-align-start .elementor-divider-separator:before{content:none}.elementor-widget-divider--element-align-start .elementor-divider__element{margin-inline-start:0}.elementor-widget-divider--element-align-end .elementor-divider .elementor-divider-separator>.elementor-divider__svg:last-of-type{flex-grow:0;flex-shrink:100}.elementor-widget-divider--element-align-end .elementor-divider-separator:after{content:none}.elementor-widget-divider--element-align-end .elementor-divider__element{margin-inline-end:0}.elementor-widget-divider:not(.elementor-widget-divider--view-line_text):not(.elementor-widget-divider--view-line_icon) .elementor-divider-separator{border-block-start:var(--divider-border-width) var(--divider-border-style) var(--divider-color)}.elementor-widget-divider--separator-type-pattern{--divider-border-style:none}.elementor-widget-divider--separator-type-pattern.elementor-widget-divider--view-line .elementor-divider-separator,.elementor-widget-divider--separator-type-pattern:not(.elementor-widget-divider--view-line) .elementor-divider-separator:after,.elementor-widget-divider--separator-type-pattern:not(.elementor-widget-divider--view-line) .elementor-divider-separator:before,.elementor-widget-divider--separator-type-pattern:not([class*=elementor-widget-divider--view]) .elementor-divider-separator{width:100%;min-height:var(--divider-pattern-height);-webkit-mask-size:var(--divider-pattern-size) 100%;mask-size:var(--divider-pattern-size) 100%;-webkit-mask-repeat:var(--divider-pattern-repeat);mask-repeat:var(--divider-pattern-repeat);background-color:var(--divider-color);-webkit-mask-image:var(--divider-pattern-url);mask-image:var(--divider-pattern-url)}.elementor-widget-divider--no-spacing{--divider-pattern-size:auto}.elementor-widget-divider--bg-round{--divider-pattern-repeat:round}.rtl .elementor-widget-divider .elementor-divider__text{direction:rtl}.e-con-inner>.elementor-widget-divider,.e-con>.elementor-widget-divider{width:var(--container-widget-width,100%);--flex-grow:var(--container-widget-flex-grow)}<\/style>\t\t<div class=\"elementor-divider\">\n\t\t\t<span class=\"elementor-divider-separator\">\n\t\t\t\t\t\t<\/span>\n\t\t<\/div>\n\t\t\t\t<\/div>\n\t\t\t\t<\/div>\n\t\t\t\t<div class=\"elementor-element elementor-element-4288d07 elementor-widget elementor-widget-heading\" data-id=\"4288d07\" data-element_type=\"widget\" data-widget_type=\"heading.default\">\n\t\t\t\t<div class=\"elementor-widget-container\">\n\t\t\t<style>\/*! elementor - v3.21.0 - 15-04-2024 *\/\n.elementor-heading-title{padding:0;margin:0;line-height:1}.elementor-widget-heading .elementor-heading-title[class*=elementor-size-]>a{color:inherit;font-size:inherit;line-height:inherit}.elementor-widget-heading .elementor-heading-title.elementor-size-small{font-size:15px}.elementor-widget-heading .elementor-heading-title.elementor-size-medium{font-size:19px}.elementor-widget-heading .elementor-heading-title.elementor-size-large{font-size:29px}.elementor-widget-heading .elementor-heading-title.elementor-size-xl{font-size:39px}.elementor-widget-heading .elementor-heading-title.elementor-size-xxl{font-size:59px}<\/style><h1 class=\"elementor-heading-title elementor-size-default\">Local<\/h1>\t\t<\/div>\n\t\t\t\t<\/div>\n\t\t\t\t<\/div>\n\t\t\t\t\t<\/div>\n\t\t\t\t<\/header>\n\t\t\t\t<\/main>\n\t\t<section class=\"elementor-element elementor-element-2da5346 e-flex e-con-boxed e-con e-child\" data-id=\"2da5346\" data-element_type=\"container\" data-settings=\"{&quot;animation_tablet&quot;:&quot;fadeInUp&quot;}\">\n\t\t\t\t\t<div class=\"e-con-inner\">\n\t\t<div class=\"elementor-element elementor-element-749f303 e-con-full e-grid e-con e-child\" data-id=\"749f303\" data-element_type=\"container\">\n\t\t<div class=\"elementor-element elementor-element-b948081 e-flex e-con-boxed e-con e-child\" data-id=\"b948081\" data-element_type=\"container\">\n\t\t\t\t\t<div class=\"e-con-inner\">\n\t\t\t\t<div class=\"elementor-element elementor-element-7df736e elementor-widget__width-inherit elementor-invisible elementor-widget elementor-widget-heading\" data-id=\"7df736e\" data-element_type=\"widget\" data-settings=\"{&quot;_animation&quot;:&quot;fadeIn&quot;,&quot;_animation_delay&quot;:200}\" data-widget_type=\"heading.default\">\n\t\t\t\t<div class=\"elementor-widget-container\">\n\t\t\t<h2 class=\"elementor-heading-title elementor-size-default\">Veja como chegar<\/h2>\t\t<\/div>\n\t\t\t\t<\/div>\n\t\t\t\t<div class=\"elementor-element elementor-element-2ff4da4 elementor-widget__width-inherit elementor-widget elementor-widget-text-editor\" data-id=\"2ff4da4\" data-element_type=\"widget\" data-widget_type=\"text-editor.default\">\n\t\t\t\t<div class=\"elementor-widget-container\">\n\t\t\t<style>\/*! elementor - v3.21.0 - 15-04-2024 *\/\n.elementor-widget-text-editor.elementor-drop-cap-view-stacked .elementor-drop-cap{background-color:#69727d;color:#fff}.elementor-widget-text-editor.elementor-drop-cap-view-framed .elementor-drop-cap{color:#69727d;border:3px solid;background-color:transparent}.elementor-widget-text-editor:not(.elementor-drop-cap-view-default) .elementor-drop-cap{margin-top:8px}.elementor-widget-text-editor:not(.elementor-drop-cap-view-default) .elementor-drop-cap-letter{width:1em;height:1em}.elementor-widget-text-editor .elementor-drop-cap{float:left;text-align:center;line-height:1;font-size:50px}.elementor-widget-text-editor .elementor-drop-cap-letter{display:inline-block}<\/style>\t\t\t\t<p>Orienta\u00e7\u00f5es detalhadas e dicas para sua chegada ao evento.<\/p>\t\t\t\t\t\t<\/div>\n\t\t\t\t<\/div>\n\t\t\t\t\t<\/div>\n\t\t\t\t<\/div>\n\t\t<div class=\"elementor-element elementor-element-f416cf4 e-con-full e-flex elementor-invisible e-con e-child\" data-id=\"f416cf4\" data-element_type=\"container\" data-settings=\"{&quot;animation&quot;:&quot;fadeInDown&quot;,&quot;animation_delay&quot;:200}\">\n\t\t\t\t<div class=\"elementor-element elementor-element-84aa00b elementor-align-justify elementor-widget__width-initial elementor-widget-tablet__width-inherit elementor-widget elementor-widget-button\" data-id=\"84aa00b\" data-element_type=\"widget\" data-widget_type=\"button.default\">\n\t\t\t\t<div class=\"elementor-widget-container\">\n\t\t\t\t\t<div class=\"elementor-button-wrapper\">\n\t\t\t<a class=\"elementor-button elementor-button-link elementor-size-sm\" href=\"https:\/\/maps.app.goo.gl\/LRTxmgXTwb7XhdxF8\" target=\"_blank\" rel=\"noreferrer noopener\">\n\t\t\t\t\t\t<span class=\"elementor-button-content-wrapper\">\n\t\t\t\t\t\t<span class=\"elementor-button-icon elementor-align-icon-right\">\n\t\t\t\t<i aria-hidden=\"true\" class=\"siavsicon- siavs-icon-pin\"><\/i>\t\t\t<\/span>\n\t\t\t\t\t\t\t\t\t<span class=\"elementor-button-text\">Google Maps<\/span>\n\t\t\t\t\t<\/span>\n\t\t\t\t\t<\/a>\n\t\t<\/div>\n\t\t\t\t<\/div>\n\t\t\t\t<\/div>\n\t\t\t\t<\/div>\n\t\t\t\t<\/div>\n\t\t\t\t<div class=\"elementor-element elementor-element-d7dd555 elementor-widget-tablet__width-inherit informacoes-icon elementor-invisible elementor-widget elementor-widget-jet-listing-dynamic-field\" data-id=\"d7dd555\" data-element_type=\"widget\" data-settings=\"{&quot;_animation&quot;:&quot;fadeInLeft&quot;,&quot;_animation_delay&quot;:450}\" data-widget_type=\"jet-listing-dynamic-field.default\">\n\t\t\t\t<div class=\"elementor-widget-container\">\n\t\t\t<div class=\"jet-listing jet-listing-dynamic-field display-inline\"><div class=\"jet-listing-dynamic-field__inline-wrap\"><i class=\"jet-listing-dynamic-field__icon siavsicon- siavs-icon-pin\" aria-hidden=\"true\"><\/i><div class=\"jet-listing-dynamic-field__content\"><span class=\"informacoes-span\">Endere\u00e7o:<\/span><br>\nDistrito Anhembi - Pavilh\u00e3o de Exposi\u00e7\u00f5es \r\n(Expo 1 e 2)\r\nAv. Olavo Fontoura, 1209 - \r\nSantana, S\u00e3o Paulo - SP\r\nBrasil<\/div><\/div><\/div>\t\t<\/div>\n\t\t\t\t<\/div>\n\t\t<div class=\"elementor-element elementor-element-2d5eff5 e-flex e-con-boxed e-con e-child\" data-id=\"2d5eff5\" data-element_type=\"container\">\n\t\t\t\t\t<div class=\"e-con-inner\">\n\t\t\t\t<div class=\"elementor-element elementor-element-5b6a44c elementor-widget elementor-widget-shortcode\" data-id=\"5b6a44c\" data-element_type=\"widget\" data-widget_type=\"shortcode.default\">\n\t\t\t\t<div class=\"elementor-widget-container\">\n\t\t\t\t\t<div class=\"elementor-shortcode\"><div class=\"leaflet-map WPLeafletMap\" style=\"height:500px; width:100%;\"><\/div><script>\nwindow.WPLeafletMapPlugin = window.WPLeafletMapPlugin || [];\nwindow.WPLeafletMapPlugin.push(function WPLeafletMapShortcode() {\/*<script>*\/\nvar baseUrl = atob('aHR0cHM6Ly97c30udGlsZS5vcGVuc3RyZWV0bWFwLm9yZy97en0ve3h9L3t5fS5wbmc=');\nvar base = (!baseUrl && window.MQ) ?\n    window.MQ.mapLayer() : L.tileLayer(baseUrl,\n        L.Util.extend({}, {\n            detectRetina: 0,\n        },\n        {\"subdomains\":\"abc\",\"noWrap\":false,\"maxZoom\":20}        )\n    );\n    var options = L.Util.extend({}, {\n        layers: [base],\n        attributionControl: false\n    },\n    {\"zoomControl\":true,\"scrollWheelZoom\":false,\"doubleClickZoom\":false,\"fitBounds\":false,\"minZoom\":0,\"maxZoom\":20,\"maxBounds\":null,\"attribution\":\"<a href=\\\"http:\\\/\\\/leafletjs.com\\\" title=\\\"A JS library for interactive maps\\\">Leaflet<\\\/a>; \\u00a9 <a href=\\\"http:\\\/\\\/www.openstreetmap.org\\\/copyright\\\">OpenStreetMap<\\\/a> contributors\"},\n    {});\nwindow.WPLeafletMapPlugin.createMap(options).setView([-23.514879,-46.639561],17);});<\/script>\n<script>\nwindow.WPLeafletMapPlugin = window.WPLeafletMapPlugin || [];\nwindow.WPLeafletMapPlugin.push(function WPLeafletMarkerShortcode() {\/*<script>*\/\nvar map = window.WPLeafletMapPlugin.getCurrentMap();\nvar group = window.WPLeafletMapPlugin.getCurrentGroup();\nvar marker_options = window.WPLeafletMapPlugin.getIconOptions({});\nvar marker = L.marker(\n    [0,0],\n    marker_options\n);\nvar is_image = map.is_image_map;\n    marker.setLatLng( map.getCenter() );\nif (marker_options.draggable) {\n    marker.on('dragend', function () {\n        var latlng = this.getLatLng();\n        var lat = latlng.lat;\n        var lng = latlng.lng;\n        if (is_image) {\n            console.log('leaflet-marker y=' + lat + ' x=' + lng);\n        } else {\n            console.log('leaflet-marker lat=' + lat + ' lng=' + lng);\n        }\n    });\n}\nmarker.addTo( group );\nmarker.bindPopup(window.WPLeafletMapPlugin.unescape('Pavilh\u00e3o de Exposi\u00e7\u00f5es do Distrito Anhembi')).openPopup();window.WPLeafletMapPlugin.markers.push( marker );\n        });<\/script>\n<\/div>\n\t\t\t\t<\/div>\n\t\t\t\t<\/div>\n\t\t\t\t\t<\/div>\n\t\t\t\t<\/div>\n\t\t\t\t\t<\/div>\n\t\t\t\t<\/section>\n\t\t\t\t<\/div>\n\t\t","protected":false},"excerpt":{"rendered":"<p>Back to the top\nSee how to get there\nDetailed directions and tips for your arrival at the event.\nGoogle Maps\nAddress: Distrito Anhembi \u2013 Pavilh\u00e3o de Exposi\u00e7\u00f5es (Expo 1 and 2)\nAv. Olavo Fontoura, 1209 \u2013 Santana, S\u00e3o Paulo \u2013 SP Brazil<\/p>","protected":false},"author":6,"featured_media":0,"parent":0,"menu_order":0,"comment_status":"closed","ping_status":"closed","template":"elementor_header_footer","meta":{"footnotes":""},"yoast_head":"<!-- This site is optimized with the Yoast SEO plugin v22.5 - https:\/\/yoast.com\/wordpress\/plugins\/seo\/ -->\n<title>Local - SIAVS<\/title>\n<meta name=\"robots\" content=\"index, follow, max-snippet:-1, max-image-preview:large, max-video-preview:-1\" \/>\n<link rel=\"canonical\" href=\"https:\/\/siavs.com.br\/en\/local\/\" \/>\n<meta property=\"og:locale\" content=\"en_US\" \/>\n<meta property=\"og:type\" content=\"article\" \/>\n<meta property=\"og:title\" content=\"Local - SIAVS\" \/>\n<meta property=\"og:description\" content=\"Voltar ao in\u00edcio Veja como chegar Orienta\u00e7\u00f5es detalhadas e dicas para sua chegada ao evento. Google Maps Endere\u00e7o: Distrito Anhembi &#8211; Pavilh\u00e3o de Exposi\u00e7\u00f5es (Expo 1 e 2) Av. Olavo Fontoura, 1209 &#8211; Santana, S\u00e3o Paulo &#8211; SP Brasil\" \/>\n<meta property=\"og:url\" content=\"https:\/\/siavs.com.br\/en\/local\/\" \/>\n<meta property=\"og:site_name\" content=\"SIAVS\" \/>\n<meta property=\"article:publisher\" content=\"https:\/\/www.linkedin.com\/company\/siavs\/\" \/>\n<meta property=\"article:modified_time\" content=\"2025-05-26T17:38:52+00:00\" \/>\n<meta name=\"twitter:card\" content=\"summary_large_image\" \/>\n<meta name=\"twitter:site\" content=\"@Siavsbr\" \/>\n<meta name=\"twitter:label1\" content=\"Est. reading time\" \/>\n\t<meta name=\"twitter:data1\" content=\"1 minute\" \/>\n<script type=\"application\/ld+json\" class=\"yoast-schema-graph\">{\"@context\":\"https:\/\/schema.org\",\"@graph\":[{\"@type\":\"WebPage\",\"@id\":\"https:\/\/siavs.com.br\/en\/local\/\",\"url\":\"https:\/\/siavs.com.br\/en\/local\/\",\"name\":\"Local - SIAVS\",\"isPartOf\":{\"@id\":\"https:\/\/siavs.com.br\/#website\"},\"datePublished\":\"2024-03-21T13:55:41+00:00\",\"dateModified\":\"2025-05-26T17:38:52+00:00\",\"breadcrumb\":{\"@id\":\"https:\/\/siavs.com.br\/en\/local\/#breadcrumb\"},\"inLanguage\":\"en-US\",\"potentialAction\":[{\"@type\":\"ReadAction\",\"target\":[\"https:\/\/siavs.com.br\/en\/local\/\"]}]},{\"@type\":\"BreadcrumbList\",\"@id\":\"https:\/\/siavs.com.br\/en\/local\/#breadcrumb\",\"itemListElement\":[{\"@type\":\"ListItem\",\"position\":1,\"name\":\"In\u00edcio\",\"item\":\"https:\/\/siavs.com.br\/\"},{\"@type\":\"ListItem\",\"position\":2,\"name\":\"Local\"}]},{\"@type\":\"WebSite\",\"@id\":\"https:\/\/siavs.com.br\/#website\",\"url\":\"https:\/\/siavs.com.br\/\",\"name\":\"SIAVS\",\"description\":\"\",\"publisher\":{\"@id\":\"https:\/\/siavs.com.br\/#organization\"},\"potentialAction\":[{\"@type\":\"SearchAction\",\"target\":{\"@type\":\"EntryPoint\",\"urlTemplate\":\"https:\/\/siavs.com.br\/?s={search_term_string}\"},\"query-input\":\"required name=search_term_string\"}],\"inLanguage\":\"en-US\"},{\"@type\":\"Organization\",\"@id\":\"https:\/\/siavs.com.br\/#organization\",\"name\":\"SIAVS\",\"url\":\"https:\/\/siavs.com.br\/\",\"logo\":{\"@type\":\"ImageObject\",\"inLanguage\":\"en-US\",\"@id\":\"https:\/\/siavs.com.br\/#\/schema\/logo\/image\/\",\"url\":\"https:\/\/siavs.com.br\/wp-content\/uploads\/2024\/01\/logo-siavs-v.svg\",\"contentUrl\":\"https:\/\/siavs.com.br\/wp-content\/uploads\/2024\/01\/logo-siavs-v.svg\",\"width\":500,\"height\":600,\"caption\":\"SIAVS\"},\"image\":{\"@id\":\"https:\/\/siavs.com.br\/#\/schema\/logo\/image\/\"},\"sameAs\":[\"https:\/\/www.linkedin.com\/company\/siavs\/\",\"https:\/\/x.com\/Siavsbr\",\"https:\/\/www.instagram.com\/siavsbr\/\"]}]}<\/script>\n<!-- \/ Yoast SEO plugin. -->","yoast_head_json":{"title":"Local - SIAVS","robots":{"index":"index","follow":"follow","max-snippet":"max-snippet:-1","max-image-preview":"max-image-preview:large","max-video-preview":"max-video-preview:-1"},"canonical":"https:\/\/siavs.com.br\/en\/local\/","og_locale":"en_US","og_type":"article","og_title":"Local - SIAVS","og_description":"Voltar ao in\u00edcio Veja como chegar Orienta\u00e7\u00f5es detalhadas e dicas para sua chegada ao evento. Google Maps Endere\u00e7o: Distrito Anhembi &#8211; Pavilh\u00e3o de Exposi\u00e7\u00f5es (Expo 1 e 2) Av. Olavo Fontoura, 1209 &#8211; Santana, S\u00e3o Paulo &#8211; SP Brasil","og_url":"https:\/\/siavs.com.br\/en\/local\/","og_site_name":"SIAVS","article_publisher":"https:\/\/www.linkedin.com\/company\/siavs\/","article_modified_time":"2025-05-26T17:38:52+00:00","twitter_card":"summary_large_image","twitter_site":"@Siavsbr","twitter_misc":{"Est. reading time":"1 minute"},"schema":{"@context":"https:\/\/schema.org","@graph":[{"@type":"WebPage","@id":"https:\/\/siavs.com.br\/en\/local\/","url":"https:\/\/siavs.com.br\/en\/local\/","name":"Local - SIAVS","isPartOf":{"@id":"https:\/\/siavs.com.br\/#website"},"datePublished":"2024-03-21T13:55:41+00:00","dateModified":"2025-05-26T17:38:52+00:00","breadcrumb":{"@id":"https:\/\/siavs.com.br\/en\/local\/#breadcrumb"},"inLanguage":"en-US","potentialAction":[{"@type":"ReadAction","target":["https:\/\/siavs.com.br\/en\/local\/"]}]},{"@type":"BreadcrumbList","@id":"https:\/\/siavs.com.br\/en\/local\/#breadcrumb","itemListElement":[{"@type":"ListItem","position":1,"name":"In\u00edcio","item":"https:\/\/siavs.com.br\/"},{"@type":"ListItem","position":2,"name":"Local"}]},{"@type":"WebSite","@id":"https:\/\/siavs.com.br\/#website","url":"https:\/\/siavs.com.br\/","name":"SIAVS","description":"","publisher":{"@id":"https:\/\/siavs.com.br\/#organization"},"potentialAction":[{"@type":"SearchAction","target":{"@type":"EntryPoint","urlTemplate":"https:\/\/siavs.com.br\/?s={search_term_string}"},"query-input":"required name=search_term_string"}],"inLanguage":"en-US"},{"@type":"Organization","@id":"https:\/\/siavs.com.br\/#organization","name":"SIAVS","url":"https:\/\/siavs.com.br\/","logo":{"@type":"ImageObject","inLanguage":"en-US","@id":"https:\/\/siavs.com.br\/#\/schema\/logo\/image\/","url":"https:\/\/siavs.com.br\/wp-content\/uploads\/2024\/01\/logo-siavs-v.svg","contentUrl":"https:\/\/siavs.com.br\/wp-content\/uploads\/2024\/01\/logo-siavs-v.svg","width":500,"height":600,"caption":"SIAVS"},"image":{"@id":"https:\/\/siavs.com.br\/#\/schema\/logo\/image\/"},"sameAs":["https:\/\/www.linkedin.com\/company\/siavs\/","https:\/\/x.com\/Siavsbr","https:\/\/www.instagram.com\/siavsbr\/"]}]}},"_links":{"self":[{"href":"https:\/\/siavs.com.br\/en\/wp-json\/wp\/v2\/pages\/2613"}],"collection":[{"href":"https:\/\/siavs.com.br\/en\/wp-json\/wp\/v2\/pages"}],"about":[{"href":"https:\/\/siavs.com.br\/en\/wp-json\/wp\/v2\/types\/page"}],"author":[{"embeddable":true,"href":"https:\/\/siavs.com.br\/en\/wp-json\/wp\/v2\/users\/6"}],"replies":[{"embeddable":true,"href":"https:\/\/siavs.com.br\/en\/wp-json\/wp\/v2\/comments?post=2613"}],"version-history":[{"count":58,"href":"https:\/\/siavs.com.br\/en\/wp-json\/wp\/v2\/pages\/2613\/revisions"}],"predecessor-version":[{"id":4876,"href":"https:\/\/siavs.com.br\/en\/wp-json\/wp\/v2\/pages\/2613\/revisions\/4876"}],"wp:attachment":[{"href":"https:\/\/siavs.com.br\/en\/wp-json\/wp\/v2\/media?parent=2613"}],"curies":[{"name":"wp","href":"https:\/\/api.w.org\/{rel}","templated":true}]}}